{"id":141,"date":"2021-03-10T17:07:32","date_gmt":"2021-03-10T16:07:32","guid":{"rendered":"http:\/\/blackprod.eu\/?page_id=141"},"modified":"2024-12-29T20:00:04","modified_gmt":"2024-12-29T19:00:04","slug":"contact","status":"publish","type":"page","link":"https:\/\/blackprod.fr\/en\/contact\/","title":{"rendered":"Contact"},"content":{"rendered":"<div data-elementor-type=\"wp-page\" data-elementor-id=\"141\" class=\"elementor elementor-141\" data-elementor-post-type=\"page\">\n\t\t\t\t\t\t<section class=\"elementor-section elementor-top-section elementor-element elementor-element-1edb65b elementor-section-boxed elementor-section-height-default elementor-section-height-default\" data-id=\"1edb65b\" data-element_type=\"section\" data-e-type=\"section\">\n\t\t\t\t\t\t<div class=\"elementor-container elementor-column-gap-default\">\n\t\t\t\t\t<div class=\"elementor-column elementor-col-100 elementor-top-column elementor-element elementor-element-0a54f5b\" data-id=\"0a54f5b\" data-element_type=\"column\" data-e-type=\"column\">\n\t\t\t<div class=\"elementor-widget-wrap elementor-element-populated\">\n\t\t\t\t\t\t<div class=\"elementor-element elementor-element-bbf05b5 elementor-widget elementor-widget-heading\" data-id=\"bbf05b5\" data-element_type=\"widget\" data-e-type=\"widget\" data-widget_type=\"heading.default\">\n\t\t\t\t<div class=\"elementor-widget-container\">\n\t\t\t\t\t<h1 class=\"elementor-heading-title elementor-size-xl\">Black Prod<\/h1>\t\t\t\t<\/div>\n\t\t\t\t<\/div>\n\t\t\t\t\t<\/div>\n\t\t<\/div>\n\t\t\t\t\t<\/div>\n\t\t<\/section>\n\t\t\t\t<section class=\"elementor-section elementor-top-section elementor-element elementor-element-7a4edb5 elementor-section-boxed elementor-section-height-default elementor-section-height-default\" data-id=\"7a4edb5\" data-element_type=\"section\" data-e-type=\"section\">\n\t\t\t\t\t\t<div class=\"elementor-container elementor-column-gap-default\">\n\t\t\t\t\t<div class=\"elementor-column elementor-col-100 elementor-top-column elementor-element elementor-element-0e9bf13\" data-id=\"0e9bf13\" data-element_type=\"column\" data-e-type=\"column\">\n\t\t\t<div class=\"elementor-widget-wrap elementor-element-populated\">\n\t\t\t\t\t\t<div class=\"elementor-element elementor-element-ce5cd37 elementor-widget-divider--view-line elementor-widget elementor-widget-divider\" data-id=\"ce5cd37\" data-element_type=\"widget\" data-e-type=\"widget\" data-widget_type=\"divider.default\">\n\t\t\t\t<div class=\"elementor-widget-container\">\n\t\t\t\t\t\t\t<div class=\"elementor-divider\">\n\t\t\t<span class=\"elementor-divider-separator\">\n\t\t\t\t\t\t<\/span>\n\t\t<\/div>\n\t\t\t\t\t\t<\/div>\n\t\t\t\t<\/div>\n\t\t\t\t\t<\/div>\n\t\t<\/div>\n\t\t\t\t\t<\/div>\n\t\t<\/section>\n\t\t\t\t<section class=\"elementor-section elementor-top-section elementor-element elementor-element-8056a32 elementor-section-boxed elementor-section-height-default elementor-section-height-default\" data-id=\"8056a32\" data-element_type=\"section\" data-e-type=\"section\">\n\t\t\t\t\t\t<div class=\"elementor-container elementor-column-gap-default\">\n\t\t\t\t\t<div class=\"elementor-column elementor-col-100 elementor-top-column elementor-element elementor-element-3785e21\" data-id=\"3785e21\" data-element_type=\"column\" data-e-type=\"column\">\n\t\t\t<div class=\"elementor-widget-wrap elementor-element-populated\">\n\t\t\t\t\t\t<div class=\"elementor-element elementor-element-34d723b elementor-widget elementor-widget-text-editor\" data-id=\"34d723b\" data-element_type=\"widget\" data-e-type=\"widget\" data-widget_type=\"text-editor.default\">\n\t\t\t\t<div class=\"elementor-widget-container\">\n\t\t\t\t\t\t\t\t\t<p>Here you will find the steps to follow to submit a project request. It is important to describe your project as thoroughly as possible in the contact form. You can also reach us by phone for any project\/quote request or any other questions.<\/p>\t\t\t\t\t\t\t\t<\/div>\n\t\t\t\t<\/div>\n\t\t\t\t\t<\/div>\n\t\t<\/div>\n\t\t\t\t\t<\/div>\n\t\t<\/section>\n\t\t\t\t<section class=\"elementor-section elementor-top-section elementor-element elementor-element-1d7c345 elementor-section-boxed elementor-section-height-default elementor-section-height-default\" data-id=\"1d7c345\" data-element_type=\"section\" data-e-type=\"section\">\n\t\t\t\t\t\t<div class=\"elementor-container elementor-column-gap-default\">\n\t\t\t\t\t<div class=\"elementor-column elementor-col-100 elementor-top-column elementor-element elementor-element-f4f942c\" data-id=\"f4f942c\" data-element_type=\"column\" data-e-type=\"column\">\n\t\t\t<div class=\"elementor-widget-wrap elementor-element-populated\">\n\t\t\t\t\t\t<div class=\"elementor-element elementor-element-0cec2bc elementor-widget-divider--view-line elementor-widget elementor-widget-divider\" data-id=\"0cec2bc\" data-element_type=\"widget\" data-e-type=\"widget\" data-widget_type=\"divider.default\">\n\t\t\t\t<div class=\"elementor-widget-container\">\n\t\t\t\t\t\t\t<div class=\"elementor-divider\">\n\t\t\t<span class=\"elementor-divider-separator\">\n\t\t\t\t\t\t<\/span>\n\t\t<\/div>\n\t\t\t\t\t\t<\/div>\n\t\t\t\t<\/div>\n\t\t\t\t\t<\/div>\n\t\t<\/div>\n\t\t\t\t\t<\/div>\n\t\t<\/section>\n\t\t\t\t<section class=\"elementor-section elementor-top-section elementor-element elementor-element-e10b92a elementor-section-boxed elementor-section-height-default elementor-section-height-default\" data-id=\"e10b92a\" data-element_type=\"section\" data-e-type=\"section\">\n\t\t\t\t\t\t\t<div class=\"elementor-background-overlay\"><\/div>\n\t\t\t\t\t\t\t<div class=\"elementor-container elementor-column-gap-default\">\n\t\t\t\t\t<div class=\"elementor-column elementor-col-100 elementor-top-column elementor-element elementor-element-bd845dc\" data-id=\"bd845dc\" data-element_type=\"column\" data-e-type=\"column\">\n\t\t\t<div class=\"elementor-widget-wrap elementor-element-populated\">\n\t\t\t\t\t\t<div class=\"elementor-element elementor-element-4d4f720 elementor-widget elementor-widget-html\" data-id=\"4d4f720\" data-element_type=\"widget\" data-e-type=\"widget\" data-widget_type=\"html.default\">\n\t\t\t\t<div class=\"elementor-widget-container\">\n\t\t\t\t\t<iframe src=\"https:\/\/docs.google.com\/forms\/d\/e\/1FAIpQLSfk5oTZUHs4m3wAwPz0M7EEpLy5Xhmtv09xGzM8cNt8l-m_vA\/viewform?embedded=true\" width=\"640\" height=\"600\" frameborder=\"0\" marginheight=\"0\" marginwidth=\"0\">Chargement\u2026<\/iframe>\t\t\t\t<\/div>\n\t\t\t\t<\/div>\n\t\t\t\t\t<\/div>\n\t\t<\/div>\n\t\t\t\t\t<\/div>\n\t\t<\/section>\n\t\t\t\t<section class=\"elementor-section elementor-top-section elementor-element elementor-element-445c9d9 elementor-section-boxed elementor-section-height-default elementor-section-height-default\" data-id=\"445c9d9\" data-element_type=\"section\" data-e-type=\"section\">\n\t\t\t\t\t\t<div class=\"elementor-container elementor-column-gap-default\">\n\t\t\t\t\t<div class=\"elementor-column elementor-col-100 elementor-top-column elementor-element elementor-element-288f74b\" data-id=\"288f74b\" data-element_type=\"column\" data-e-type=\"column\">\n\t\t\t<div class=\"elementor-widget-wrap elementor-element-populated\">\n\t\t\t\t\t\t<div class=\"elementor-element elementor-element-04cab6b elementor-widget-divider--view-line elementor-widget elementor-widget-divider\" data-id=\"04cab6b\" data-element_type=\"widget\" data-e-type=\"widget\" data-widget_type=\"divider.default\">\n\t\t\t\t<div class=\"elementor-widget-container\">\n\t\t\t\t\t\t\t<div class=\"elementor-divider\">\n\t\t\t<span class=\"elementor-divider-separator\">\n\t\t\t\t\t\t<\/span>\n\t\t<\/div>\n\t\t\t\t\t\t<\/div>\n\t\t\t\t<\/div>\n\t\t\t\t<div class=\"elementor-element elementor-element-8db833c elementor-widget elementor-widget-google_maps\" data-id=\"8db833c\" data-element_type=\"widget\" data-e-type=\"widget\" data-widget_type=\"google_maps.default\">\n\t\t\t\t<div class=\"elementor-widget-container\">\n\t\t\t\t\t\t\t<div class=\"elementor-custom-embed\">\n\t\t\t<iframe loading=\"lazy\"\n\t\t\t\t\tsrc=\"https:\/\/maps.google.com\/maps?q=La%20rochelle&#038;t=m&#038;z=7&#038;output=embed&#038;iwloc=near\"\n\t\t\t\t\ttitle=\"La rochelle\"\n\t\t\t\t\taria-label=\"La rochelle\"\n\t\t\t><\/iframe>\n\t\t<\/div>\n\t\t\t\t\t\t<\/div>\n\t\t\t\t<\/div>\n\t\t\t\t\t<\/div>\n\t\t<\/div>\n\t\t\t\t\t<\/div>\n\t\t<\/section>\n\t\t\t\t<section class=\"elementor-section elementor-top-section elementor-element elementor-element-ac8484c elementor-section-boxed elementor-section-height-default elementor-section-height-default\" data-id=\"ac8484c\" data-element_type=\"section\" data-e-type=\"section\">\n\t\t\t\t\t\t<div class=\"elementor-container elementor-column-gap-default\">\n\t\t\t\t\t<div class=\"elementor-column elementor-col-100 elementor-top-column elementor-element elementor-element-f68faae\" data-id=\"f68faae\" data-element_type=\"column\" data-e-type=\"column\">\n\t\t\t<div class=\"elementor-widget-wrap elementor-element-populated\">\n\t\t\t\t\t\t<div class=\"elementor-element elementor-element-1cf8ea8 elementor-widget-divider--view-line elementor-widget elementor-widget-divider\" data-id=\"1cf8ea8\" data-element_type=\"widget\" data-e-type=\"widget\" data-widget_type=\"divider.default\">\n\t\t\t\t<div class=\"elementor-widget-container\">\n\t\t\t\t\t\t\t<div class=\"elementor-divider\">\n\t\t\t<span class=\"elementor-divider-separator\">\n\t\t\t\t\t\t<\/span>\n\t\t<\/div>\n\t\t\t\t\t\t<\/div>\n\t\t\t\t<\/div>\n\t\t\t\t\t<\/div>\n\t\t<\/div>\n\t\t\t\t\t<\/div>\n\t\t<\/section>\n\t\t\t\t<section class=\"elementor-section elementor-top-section elementor-element elementor-element-38e487a elementor-section-boxed elementor-section-height-default elementor-section-height-default\" data-id=\"38e487a\" data-element_type=\"section\" data-e-type=\"section\">\n\t\t\t\t\t\t<div class=\"elementor-container elementor-column-gap-default\">\n\t\t\t\t\t<div class=\"elementor-column elementor-col-100 elementor-top-column elementor-element elementor-element-65defe8\" data-id=\"65defe8\" data-element_type=\"column\" data-e-type=\"column\">\n\t\t\t<div class=\"elementor-widget-wrap elementor-element-populated\">\n\t\t\t\t\t\t<div class=\"elementor-element elementor-element-2f342fb elementor-widget elementor-widget-text-editor\" data-id=\"2f342fb\" data-element_type=\"widget\" data-e-type=\"widget\" data-widget_type=\"text-editor.default\">\n\t\t\t\t<div class=\"elementor-widget-container\">\n\t\t\t\t\t\t\t\t\t<h4>Contact<\/h4><p><strong>Phone :\u00a0<\/strong><span style=\"color: #d6d732;\">07 69 97 67 33<\/span><\/p><p><strong>Email\u00a0<\/strong><span style=\"color: #d6d732;\">contact@blackprod.eu<\/span><\/p>\t\t\t\t\t\t\t\t<\/div>\n\t\t\t\t<\/div>\n\t\t\t\t\t<\/div>\n\t\t<\/div>\n\t\t\t\t\t<\/div>\n\t\t<\/section>\n\t\t\t\t<\/div>","protected":false},"excerpt":{"rendered":"<p>Black Prod Ici se trouve la d\u00e9marche \u00e0 suivre pour faire une demande de projet. Il est important de d\u00e9crire au mieux votre projet dans le formulaire de contact. Vous pouvez \u00e9galement me contacter par t\u00e9l\u00e9phone pour toute demande de projet\/devis ou toute autre question. Chargement\u2026 Contact T\u00e9l :\u00a007 69 97 67 33 Mail :\u00a0contact@blackprod.eu<\/p>","protected":false},"author":2,"featured_media":0,"parent":0,"menu_order":0,"comment_status":"closed","ping_status":"closed","template":"","meta":{"footnotes":""},"class_list":["post-141","page","type-page","status-publish","hentry"],"yoast_head":"<!-- This site is optimized with the Yoast SEO plugin v27.5 - https:\/\/yoast.com\/product\/yoast-seo-wordpress\/ -->\n<title>Contact - Black Prod boite de production la rochelle<\/title>\n<meta name=\"robots\" content=\"index, follow, max-snippet:-1, max-image-preview:large, max-video-preview:-1\" \/>\n<link rel=\"canonical\" href=\"https:\/\/blackprod.fr\/en\/contact\/\" \/>\n<meta property=\"og:locale\" content=\"en_US\" \/>\n<meta property=\"og:type\" content=\"article\" \/>\n<meta property=\"og:title\" content=\"Contact - Black Prod boite de production la rochelle\" \/>\n<meta property=\"og:description\" content=\"Black Prod Ici se trouve la d\u00e9marche \u00e0 suivre pour faire une demande de projet. Il est important de d\u00e9crire au mieux votre projet dans le formulaire de contact. Vous pouvez \u00e9galement me contacter par t\u00e9l\u00e9phone pour toute demande de projet\/devis ou toute autre question. Chargement\u2026 Contact T\u00e9l :\u00a007 69 97 67 33 Mail :\u00a0contact@blackprod.eu\" \/>\n<meta property=\"og:url\" content=\"https:\/\/blackprod.fr\/en\/contact\/\" \/>\n<meta property=\"og:site_name\" content=\"Black Prod boite de production la rochelle\" \/>\n<meta property=\"article:modified_time\" content=\"2024-12-29T19:00:04+00:00\" \/>\n<meta name=\"twitter:card\" content=\"summary_large_image\" \/>\n<meta name=\"twitter:label1\" content=\"Est. reading time\" \/>\n\t<meta name=\"twitter:data1\" content=\"1 minute\" \/>\n<script type=\"application\/ld+json\" class=\"yoast-schema-graph\">{\"@context\":\"https:\\\/\\\/schema.org\",\"@graph\":[{\"@type\":\"WebPage\",\"@id\":\"https:\\\/\\\/blackprod.fr\\\/contact\\\/\",\"url\":\"https:\\\/\\\/blackprod.fr\\\/contact\\\/\",\"name\":\"Contact - Black Prod boite de production la rochelle\",\"isPartOf\":{\"@id\":\"https:\\\/\\\/blackprod.fr\\\/#website\"},\"datePublished\":\"2021-03-10T16:07:32+00:00\",\"dateModified\":\"2024-12-29T19:00:04+00:00\",\"breadcrumb\":{\"@id\":\"https:\\\/\\\/blackprod.fr\\\/contact\\\/#breadcrumb\"},\"inLanguage\":\"en-AU\",\"potentialAction\":[{\"@type\":\"ReadAction\",\"target\":[\"https:\\\/\\\/blackprod.fr\\\/contact\\\/\"]}]},{\"@type\":\"BreadcrumbList\",\"@id\":\"https:\\\/\\\/blackprod.fr\\\/contact\\\/#breadcrumb\",\"itemListElement\":[{\"@type\":\"ListItem\",\"position\":1,\"name\":\"Accueil\",\"item\":\"https:\\\/\\\/blackprod.fr\\\/\"},{\"@type\":\"ListItem\",\"position\":2,\"name\":\"Contact\"}]},{\"@type\":\"WebSite\",\"@id\":\"https:\\\/\\\/blackprod.fr\\\/#website\",\"url\":\"https:\\\/\\\/blackprod.fr\\\/\",\"name\":\"Black Prod boite de production la rochelle\",\"description\":\"\",\"publisher\":{\"@id\":\"https:\\\/\\\/blackprod.fr\\\/#organization\"},\"potentialAction\":[{\"@type\":\"SearchAction\",\"target\":{\"@type\":\"EntryPoint\",\"urlTemplate\":\"https:\\\/\\\/blackprod.fr\\\/?s={search_term_string}\"},\"query-input\":{\"@type\":\"PropertyValueSpecification\",\"valueRequired\":true,\"valueName\":\"search_term_string\"}}],\"inLanguage\":\"en-AU\"},{\"@type\":\"Organization\",\"@id\":\"https:\\\/\\\/blackprod.fr\\\/#organization\",\"name\":\"Black Prod boite de production la rochelle\",\"url\":\"https:\\\/\\\/blackprod.fr\\\/\",\"logo\":{\"@type\":\"ImageObject\",\"inLanguage\":\"en-AU\",\"@id\":\"https:\\\/\\\/blackprod.fr\\\/#\\\/schema\\\/logo\\\/image\\\/\",\"url\":\"https:\\\/\\\/blackprod.fr\\\/wp-content\\\/uploads\\\/2021\\\/03\\\/cropped-cropped-simple-noir-sur-fond-blanc.png\",\"contentUrl\":\"https:\\\/\\\/blackprod.fr\\\/wp-content\\\/uploads\\\/2021\\\/03\\\/cropped-cropped-simple-noir-sur-fond-blanc.png\",\"width\":276,\"height\":146,\"caption\":\"Black Prod boite de production la rochelle\"},\"image\":{\"@id\":\"https:\\\/\\\/blackprod.fr\\\/#\\\/schema\\\/logo\\\/image\\\/\"},\"sameAs\":[\"https:\\\/\\\/www.instagram.com\\\/blackprod.eu\\\/\"]}]}<\/script>\n<!-- \/ Yoast SEO plugin. -->","yoast_head_json":{"title":"Contact - Black Prod boite de production la rochelle","robots":{"index":"index","follow":"follow","max-snippet":"max-snippet:-1","max-image-preview":"max-image-preview:large","max-video-preview":"max-video-preview:-1"},"canonical":"https:\/\/blackprod.fr\/en\/contact\/","og_locale":"en_US","og_type":"article","og_title":"Contact - Black Prod boite de production la rochelle","og_description":"Black Prod Ici se trouve la d\u00e9marche \u00e0 suivre pour faire une demande de projet. Il est important de d\u00e9crire au mieux votre projet dans le formulaire de contact. Vous pouvez \u00e9galement me contacter par t\u00e9l\u00e9phone pour toute demande de projet\/devis ou toute autre question. Chargement\u2026 Contact T\u00e9l :\u00a007 69 97 67 33 Mail :\u00a0contact@blackprod.eu","og_url":"https:\/\/blackprod.fr\/en\/contact\/","og_site_name":"Black Prod boite de production la rochelle","article_modified_time":"2024-12-29T19:00:04+00:00","twitter_card":"summary_large_image","twitter_misc":{"Est. reading time":"1 minute"},"schema":{"@context":"https:\/\/schema.org","@graph":[{"@type":"WebPage","@id":"https:\/\/blackprod.fr\/contact\/","url":"https:\/\/blackprod.fr\/contact\/","name":"Contact - Black Prod boite de production la rochelle","isPartOf":{"@id":"https:\/\/blackprod.fr\/#website"},"datePublished":"2021-03-10T16:07:32+00:00","dateModified":"2024-12-29T19:00:04+00:00","breadcrumb":{"@id":"https:\/\/blackprod.fr\/contact\/#breadcrumb"},"inLanguage":"en-AU","potentialAction":[{"@type":"ReadAction","target":["https:\/\/blackprod.fr\/contact\/"]}]},{"@type":"BreadcrumbList","@id":"https:\/\/blackprod.fr\/contact\/#breadcrumb","itemListElement":[{"@type":"ListItem","position":1,"name":"Accueil","item":"https:\/\/blackprod.fr\/"},{"@type":"ListItem","position":2,"name":"Contact"}]},{"@type":"WebSite","@id":"https:\/\/blackprod.fr\/#website","url":"https:\/\/blackprod.fr\/","name":"Black Prod boite de production la rochelle","description":"","publisher":{"@id":"https:\/\/blackprod.fr\/#organization"},"potentialAction":[{"@type":"SearchAction","target":{"@type":"EntryPoint","urlTemplate":"https:\/\/blackprod.fr\/?s={search_term_string}"},"query-input":{"@type":"PropertyValueSpecification","valueRequired":true,"valueName":"search_term_string"}}],"inLanguage":"en-AU"},{"@type":"Organization","@id":"https:\/\/blackprod.fr\/#organization","name":"Black Prod boite de production la rochelle","url":"https:\/\/blackprod.fr\/","logo":{"@type":"ImageObject","inLanguage":"en-AU","@id":"https:\/\/blackprod.fr\/#\/schema\/logo\/image\/","url":"https:\/\/blackprod.fr\/wp-content\/uploads\/2021\/03\/cropped-cropped-simple-noir-sur-fond-blanc.png","contentUrl":"https:\/\/blackprod.fr\/wp-content\/uploads\/2021\/03\/cropped-cropped-simple-noir-sur-fond-blanc.png","width":276,"height":146,"caption":"Black Prod boite de production la rochelle"},"image":{"@id":"https:\/\/blackprod.fr\/#\/schema\/logo\/image\/"},"sameAs":["https:\/\/www.instagram.com\/blackprod.eu\/"]}]}},"jetpack_sharing_enabled":true,"_links":{"self":[{"href":"https:\/\/blackprod.fr\/en\/wp-json\/wp\/v2\/pages\/141","targetHints":{"allow":["GET"]}}],"collection":[{"href":"https:\/\/blackprod.fr\/en\/wp-json\/wp\/v2\/pages"}],"about":[{"href":"https:\/\/blackprod.fr\/en\/wp-json\/wp\/v2\/types\/page"}],"author":[{"embeddable":true,"href":"https:\/\/blackprod.fr\/en\/wp-json\/wp\/v2\/users\/2"}],"replies":[{"embeddable":true,"href":"https:\/\/blackprod.fr\/en\/wp-json\/wp\/v2\/comments?post=141"}],"version-history":[{"count":89,"href":"https:\/\/blackprod.fr\/en\/wp-json\/wp\/v2\/pages\/141\/revisions"}],"predecessor-version":[{"id":1313,"href":"https:\/\/blackprod.fr\/en\/wp-json\/wp\/v2\/pages\/141\/revisions\/1313"}],"wp:attachment":[{"href":"https:\/\/blackprod.fr\/en\/wp-json\/wp\/v2\/media?parent=141"}],"curies":[{"name":"wp","href":"https:\/\/api.w.org\/{rel}","templated":true}]}}